{"id":391,"date":"2016-09-01T22:23:49","date_gmt":"2016-09-01T22:23:49","guid":{"rendered":"http:\/\/www.dev.compoundone.de\/?page_id=391"},"modified":"2017-06-15T20:53:12","modified_gmt":"2017-06-15T20:53:12","slug":"andere-anwendungen","status":"publish","type":"page","link":"https:\/\/compoundone.de\/en\/referenzen\/andere-anwendungen\/","title":{"rendered":"Others"},"content":{"rendered":"<div id=\"pl-391\"  class=\"panel-layout\" ><div id=\"pg-391-0\"  class=\"panel-grid panel-no-style\" ><div id=\"pgc-391-0-0\"  class=\"panel-grid-cell\" ><div id=\"panel-391-0-0-0\" class=\"so-panel widget widget_sow-editor panel-first-child panel-last-child\" data-index=\"0\" ><div\n\t\t\t\n\t\t\tclass=\"so-widget-sow-editor so-widget-sow-editor-base\"\n\t\t\t\n\t\t>\n<div class=\"siteorigin-widget-tinymce textwidget\">\n\t<p><a href=\"http:\/\/www.compoundone.de\/wp-content\/uploads\/2016\/09\/2016-10-07-269.jpg\"><img class=\"alignnone wp-image-465 size-full\" src=\"http:\/\/www.compoundone.de\/wp-content\/uploads\/2016\/09\/2016-10-07-269.jpg\" alt=\"Rolle f\u00fcr Hochregallager \" width=\"1280\" height=\"852\" srcset=\"https:\/\/compoundone.de\/wp-content\/uploads\/2016\/09\/2016-10-07-269.jpg 1280w, https:\/\/compoundone.de\/wp-content\/uploads\/2016\/09\/2016-10-07-269-300x200.jpg 300w, https:\/\/compoundone.de\/wp-content\/uploads\/2016\/09\/2016-10-07-269-768x511.jpg 768w, https:\/\/compoundone.de\/wp-content\/uploads\/2016\/09\/2016-10-07-269-1024x682.jpg 1024w, https:\/\/compoundone.de\/wp-content\/uploads\/2016\/09\/2016-10-07-269-500x333.jpg 500w, https:\/\/compoundone.de\/wp-content\/uploads\/2016\/09\/2016-10-07-269-360x240.jpg 360w, https:\/\/compoundone.de\/wp-content\/uploads\/2016\/09\/2016-10-07-269-272x182.jpg 272w\" sizes=\"(max-width: 1280px) 100vw, 1280px\" \/><\/a><\/p>\n<\/div>\n<\/div><\/div><\/div><div id=\"pgc-391-0-1\"  class=\"panel-grid-cell\" ><div id=\"panel-391-0-1-0\" class=\"so-panel widget widget_sow-editor panel-first-child panel-last-child\" data-index=\"1\" ><div class=\"panel-widget-style panel-widget-style-for-391-0-1-0\" ><div\n\t\t\t\n\t\t\tclass=\"so-widget-sow-editor so-widget-sow-editor-base\"\n\t\t\t\n\t\t><h3 class=\"widget-title\">Rolle f\u00fcr Hochregallager<\/h3>\n<div class=\"siteorigin-widget-tinymce textwidget\">\n\t<p>Compamid<sup>\u00ae\u00a0<\/sup>B70<\/p>\n<p>PA 6 hochviskos<\/p>\n<\/div>\n<\/div><\/div><\/div><\/div><\/div><div id=\"pg-391-1\"  class=\"panel-grid panel-no-style\" ><div id=\"pgc-391-1-0\"  class=\"panel-grid-cell\" ><div id=\"panel-391-1-0-0\" class=\"so-panel widget widget_sow-editor panel-first-child panel-last-child\" data-index=\"2\" ><div\n\t\t\t\n\t\t\tclass=\"so-widget-sow-editor so-widget-sow-editor-base\"\n\t\t\t\n\t\t>\n<div class=\"siteorigin-widget-tinymce textwidget\">\n\t<p><a href=\"http:\/\/www.compoundone.de\/wp-content\/uploads\/2016\/09\/2016-10-07-277.jpg\"><img class=\"alignnone wp-image-471 size-full\" src=\"http:\/\/www.compoundone.de\/wp-content\/uploads\/2016\/09\/2016-10-07-277.jpg\" alt=\"Matratzenfeder\" width=\"1280\" height=\"852\" srcset=\"https:\/\/compoundone.de\/wp-content\/uploads\/2016\/09\/2016-10-07-277.jpg 1280w, https:\/\/compoundone.de\/wp-content\/uploads\/2016\/09\/2016-10-07-277-300x200.jpg 300w, https:\/\/compoundone.de\/wp-content\/uploads\/2016\/09\/2016-10-07-277-768x511.jpg 768w, https:\/\/compoundone.de\/wp-content\/uploads\/2016\/09\/2016-10-07-277-1024x682.jpg 1024w, https:\/\/compoundone.de\/wp-content\/uploads\/2016\/09\/2016-10-07-277-500x333.jpg 500w, https:\/\/compoundone.de\/wp-content\/uploads\/2016\/09\/2016-10-07-277-360x240.jpg 360w, https:\/\/compoundone.de\/wp-content\/uploads\/2016\/09\/2016-10-07-277-272x182.jpg 272w\" sizes=\"(max-width: 1280px) 100vw, 1280px\" \/><\/a><\/p>\n<\/div>\n<\/div><\/div><\/div><div id=\"pgc-391-1-1\"  class=\"panel-grid-cell\" ><div id=\"panel-391-1-1-0\" class=\"so-panel widget widget_sow-editor panel-first-child panel-last-child\" data-index=\"3\" ><div class=\"panel-widget-style panel-widget-style-for-391-1-1-0\" ><div\n\t\t\t\n\t\t\tclass=\"so-widget-sow-editor so-widget-sow-editor-base\"\n\t\t\t\n\t\t><h3 class=\"widget-title\">Matratzenfeder<\/h3>\n<div class=\"siteorigin-widget-tinymce textwidget\">\n\t<p>Compotech<sup>\u00ae<\/sup> T<\/p>\n<p>PPA GF30<\/p>\n<\/div>\n<\/div><\/div><\/div><\/div><\/div><div id=\"pg-391-2\"  class=\"panel-grid panel-no-style\" ><div id=\"pgc-391-2-0\"  class=\"panel-grid-cell\" ><div id=\"panel-391-2-0-0\" class=\"so-panel widget widget_sow-editor panel-first-child panel-last-child\" data-index=\"4\" ><div\n\t\t\t\n\t\t\tclass=\"so-widget-sow-editor so-widget-sow-editor-base\"\n\t\t\t\n\t\t>\n<div class=\"siteorigin-widget-tinymce textwidget\">\n\t<p><a href=\"http:\/\/www.compoundone.de\/wp-content\/uploads\/2016\/09\/2016-10-07-124.jpg\"><img class=\"alignnone wp-image-474 size-full\" src=\"http:\/\/www.compoundone.de\/wp-content\/uploads\/2016\/09\/2016-10-07-124.jpg\" alt=\"Teil f\u00fcr Deutsche Bahn\" width=\"1280\" height=\"852\" srcset=\"https:\/\/compoundone.de\/wp-content\/uploads\/2016\/09\/2016-10-07-124.jpg 1280w, https:\/\/compoundone.de\/wp-content\/uploads\/2016\/09\/2016-10-07-124-300x200.jpg 300w, https:\/\/compoundone.de\/wp-content\/uploads\/2016\/09\/2016-10-07-124-768x511.jpg 768w, https:\/\/compoundone.de\/wp-content\/uploads\/2016\/09\/2016-10-07-124-1024x682.jpg 1024w, https:\/\/compoundone.de\/wp-content\/uploads\/2016\/09\/2016-10-07-124-500x333.jpg 500w, https:\/\/compoundone.de\/wp-content\/uploads\/2016\/09\/2016-10-07-124-360x240.jpg 360w, https:\/\/compoundone.de\/wp-content\/uploads\/2016\/09\/2016-10-07-124-272x182.jpg 272w\" sizes=\"(max-width: 1280px) 100vw, 1280px\" \/><\/a><\/p>\n<\/div>\n<\/div><\/div><\/div><div id=\"pgc-391-2-1\"  class=\"panel-grid-cell\" ><div id=\"panel-391-2-1-0\" class=\"so-panel widget widget_sow-editor panel-first-child panel-last-child\" data-index=\"5\" ><div class=\"panel-widget-style panel-widget-style-for-391-2-1-0\" ><div\n\t\t\t\n\t\t\tclass=\"so-widget-sow-editor so-widget-sow-editor-base\"\n\t\t\t\n\t\t><h3 class=\"widget-title\">Haltegriff f\u00fcr Deutsche Bahn<\/h3>\n<div class=\"siteorigin-widget-tinymce textwidget\">\n\t<p>Compolan<sup>\u00ae<\/sup><\/p>\n<p>TPU VO flammgesch\u00fctzt<\/p>\n<\/div>\n<\/div><\/div><\/div><\/div><\/div><div id=\"pg-391-3\"  class=\"panel-grid panel-no-style\" ><div id=\"pgc-391-3-0\"  class=\"panel-grid-cell\" ><div id=\"panel-391-3-0-0\" class=\"so-panel widget widget_sow-editor panel-first-child panel-last-child\" data-index=\"6\" ><div\n\t\t\t\n\t\t\tclass=\"so-widget-sow-editor so-widget-sow-editor-base\"\n\t\t\t\n\t\t>\n<div class=\"siteorigin-widget-tinymce textwidget\">\n\t<p><a href=\"http:\/\/www.compoundone.de\/wp-content\/uploads\/2016\/09\/2016-10-07-169.jpg\"><img class=\"alignnone wp-image-483 size-full\" src=\"http:\/\/www.compoundone.de\/wp-content\/uploads\/2016\/09\/2016-10-07-169.jpg\" alt=\"Medizintechnik\" width=\"1280\" height=\"720\" srcset=\"https:\/\/compoundone.de\/wp-content\/uploads\/2016\/09\/2016-10-07-169.jpg 1280w, https:\/\/compoundone.de\/wp-content\/uploads\/2016\/09\/2016-10-07-169-300x169.jpg 300w, https:\/\/compoundone.de\/wp-content\/uploads\/2016\/09\/2016-10-07-169-768x432.jpg 768w, https:\/\/compoundone.de\/wp-content\/uploads\/2016\/09\/2016-10-07-169-1024x576.jpg 1024w, https:\/\/compoundone.de\/wp-content\/uploads\/2016\/09\/2016-10-07-169-500x281.jpg 500w, https:\/\/compoundone.de\/wp-content\/uploads\/2016\/09\/2016-10-07-169-360x203.jpg 360w\" sizes=\"(max-width: 1280px) 100vw, 1280px\" \/><\/a><\/p>\n<\/div>\n<\/div><\/div><\/div><div id=\"pgc-391-3-1\"  class=\"panel-grid-cell\" ><div id=\"panel-391-3-1-0\" class=\"so-panel widget widget_sow-editor panel-first-child panel-last-child\" data-index=\"7\" ><div class=\"panel-widget-style panel-widget-style-for-391-3-1-0\" ><div\n\t\t\t\n\t\t\tclass=\"so-widget-sow-editor so-widget-sow-editor-base\"\n\t\t\t\n\t\t><h3 class=\"widget-title\">Medizintechnik | Operationsbesteck<\/h3>\n<div class=\"siteorigin-widget-tinymce textwidget\">\n\t<p>Compamid<sup>\u00ae <\/sup>A70<\/p>\n<p>PA 6.6 mit \u00a060% Glasfaser<\/p>\n<p>sterilisierbar<\/p>\n<\/div>\n<\/div><\/div><\/div><\/div><\/div><div id=\"pg-391-4\"  class=\"panel-grid panel-no-style\" ><div id=\"pgc-391-4-0\"  class=\"panel-grid-cell\" ><div id=\"panel-391-4-0-0\" class=\"so-panel widget widget_sow-editor panel-first-child panel-last-child\" data-index=\"8\" ><div\n\t\t\t\n\t\t\tclass=\"so-widget-sow-editor so-widget-sow-editor-base\"\n\t\t\t\n\t\t>\n<div class=\"siteorigin-widget-tinymce textwidget\">\n\t<p><a href=\"http:\/\/www.compoundone.de\/wp-content\/uploads\/2016\/09\/2016-10-07-151.jpg\"><img class=\"alignnone wp-image-517 size-full\" src=\"http:\/\/www.compoundone.de\/wp-content\/uploads\/2016\/09\/2016-10-07-151.jpg\" width=\"1280\" height=\"852\" srcset=\"https:\/\/compoundone.de\/wp-content\/uploads\/2016\/09\/2016-10-07-151.jpg 1280w, https:\/\/compoundone.de\/wp-content\/uploads\/2016\/09\/2016-10-07-151-300x200.jpg 300w, https:\/\/compoundone.de\/wp-content\/uploads\/2016\/09\/2016-10-07-151-768x511.jpg 768w, https:\/\/compoundone.de\/wp-content\/uploads\/2016\/09\/2016-10-07-151-1024x682.jpg 1024w, https:\/\/compoundone.de\/wp-content\/uploads\/2016\/09\/2016-10-07-151-500x333.jpg 500w, https:\/\/compoundone.de\/wp-content\/uploads\/2016\/09\/2016-10-07-151-360x240.jpg 360w, https:\/\/compoundone.de\/wp-content\/uploads\/2016\/09\/2016-10-07-151-272x182.jpg 272w\" sizes=\"(max-width: 1280px) 100vw, 1280px\" \/><\/a><\/p>\n<\/div>\n<\/div><\/div><\/div><div id=\"pgc-391-4-1\"  class=\"panel-grid-cell\" ><div id=\"panel-391-4-1-0\" class=\"so-panel widget widget_sow-editor panel-first-child panel-last-child\" data-index=\"9\" ><div class=\"panel-widget-style panel-widget-style-for-391-4-1-0\" ><div\n\t\t\t\n\t\t\tclass=\"so-widget-sow-editor so-widget-sow-editor-base\"\n\t\t\t\n\t\t><h3 class=\"widget-title\">Sanit\u00e4rtechnik<\/h3>\n<div class=\"siteorigin-widget-tinymce textwidget\">\n\t<p>Compoflex<sup>\u00ae<\/sup><\/p>\n<p>SEBS<\/p>\n<p>hochelastisch, zwangsentformbar<\/p>\n<\/div>\n<\/div><\/div><\/div><\/div><\/div><div id=\"pg-391-5\"  class=\"panel-grid panel-no-style\" ><div id=\"pgc-391-5-0\"  class=\"panel-grid-cell\" ><div id=\"panel-391-5-0-0\" class=\"so-panel widget widget_sow-editor panel-first-child panel-last-child\" data-index=\"10\" ><div\n\t\t\t\n\t\t\tclass=\"so-widget-sow-editor so-widget-sow-editor-base\"\n\t\t\t\n\t\t>\n<div class=\"siteorigin-widget-tinymce textwidget\">\n\t<p><a href=\"http:\/\/www.compoundone.de\/wp-content\/uploads\/2016\/09\/2016-10-07-139.jpg\"><img class=\"alignnone wp-image-524 size-full\" src=\"http:\/\/www.compoundone.de\/wp-content\/uploads\/2016\/09\/2016-10-07-139.jpg\" width=\"1280\" height=\"852\" srcset=\"https:\/\/compoundone.de\/wp-content\/uploads\/2016\/09\/2016-10-07-139.jpg 1280w, https:\/\/compoundone.de\/wp-content\/uploads\/2016\/09\/2016-10-07-139-300x200.jpg 300w, https:\/\/compoundone.de\/wp-content\/uploads\/2016\/09\/2016-10-07-139-768x511.jpg 768w, https:\/\/compoundone.de\/wp-content\/uploads\/2016\/09\/2016-10-07-139-1024x682.jpg 1024w, https:\/\/compoundone.de\/wp-content\/uploads\/2016\/09\/2016-10-07-139-500x333.jpg 500w, https:\/\/compoundone.de\/wp-content\/uploads\/2016\/09\/2016-10-07-139-360x240.jpg 360w, https:\/\/compoundone.de\/wp-content\/uploads\/2016\/09\/2016-10-07-139-272x182.jpg 272w\" sizes=\"(max-width: 1280px) 100vw, 1280px\" \/><\/a><\/p>\n<\/div>\n<\/div><\/div><\/div><div id=\"pgc-391-5-1\"  class=\"panel-grid-cell\" ><div id=\"panel-391-5-1-0\" class=\"so-panel widget widget_sow-editor panel-first-child panel-last-child\" data-index=\"11\" ><div class=\"panel-widget-style panel-widget-style-for-391-5-1-0\" ><div\n\t\t\t\n\t\t\tclass=\"so-widget-sow-editor so-widget-sow-editor-base\"\n\t\t\t\n\t\t><h3 class=\"widget-title\">Windmesser<\/h3>\n<div class=\"siteorigin-widget-tinymce textwidget\">\n\t<p>Windmesser | Skilifte<\/p>\n<p>PP mit 50%\u00a0Kohlefaser<\/p>\n<p>\u00a0<\/p>\n<\/div>\n<\/div><\/div><\/div><\/div><\/div><div id=\"pg-391-6\"  class=\"panel-grid panel-no-style\" ><div id=\"pgc-391-6-0\"  class=\"panel-grid-cell\" ><div id=\"panel-391-6-0-0\" class=\"so-panel widget widget_sow-editor panel-first-child panel-last-child\" data-index=\"12\" ><div\n\t\t\t\n\t\t\tclass=\"so-widget-sow-editor so-widget-sow-editor-base\"\n\t\t\t\n\t\t>\n<div class=\"siteorigin-widget-tinymce textwidget\">\n\t<p><a href=\"http:\/\/www.compoundone.de\/wp-content\/uploads\/2016\/09\/2016-10-07-188.jpg\"><img class=\"alignnone wp-image-526 size-full\" src=\"http:\/\/www.compoundone.de\/wp-content\/uploads\/2016\/09\/2016-10-07-188.jpg\" width=\"1280\" height=\"1280\" srcset=\"https:\/\/compoundone.de\/wp-content\/uploads\/2016\/09\/2016-10-07-188.jpg 1280w, https:\/\/compoundone.de\/wp-content\/uploads\/2016\/09\/2016-10-07-188-150x150.jpg 150w, https:\/\/compoundone.de\/wp-content\/uploads\/2016\/09\/2016-10-07-188-300x300.jpg 300w, https:\/\/compoundone.de\/wp-content\/uploads\/2016\/09\/2016-10-07-188-768x768.jpg 768w, https:\/\/compoundone.de\/wp-content\/uploads\/2016\/09\/2016-10-07-188-1024x1024.jpg 1024w, https:\/\/compoundone.de\/wp-content\/uploads\/2016\/09\/2016-10-07-188-500x500.jpg 500w, https:\/\/compoundone.de\/wp-content\/uploads\/2016\/09\/2016-10-07-188-270x270.jpg 270w\" sizes=\"(max-width: 1280px) 100vw, 1280px\" \/><\/a><\/p>\n<p><a href=\"http:\/\/www.compoundone.de\/wp-content\/uploads\/2016\/09\/2016-10-07-189.jpg\"><img src=\"http:\/\/www.compoundone.de\/wp-content\/uploads\/2016\/09\/2016-10-07-189.jpg\" alt=\"2016-10-07-189\" width=\"1280\" height=\"720\" class=\"alignnone size-full wp-image-527\" srcset=\"https:\/\/compoundone.de\/wp-content\/uploads\/2016\/09\/2016-10-07-189.jpg 1280w, https:\/\/compoundone.de\/wp-content\/uploads\/2016\/09\/2016-10-07-189-300x169.jpg 300w, https:\/\/compoundone.de\/wp-content\/uploads\/2016\/09\/2016-10-07-189-768x432.jpg 768w, https:\/\/compoundone.de\/wp-content\/uploads\/2016\/09\/2016-10-07-189-1024x576.jpg 1024w, https:\/\/compoundone.de\/wp-content\/uploads\/2016\/09\/2016-10-07-189-500x281.jpg 500w, https:\/\/compoundone.de\/wp-content\/uploads\/2016\/09\/2016-10-07-189-360x203.jpg 360w\" sizes=\"(max-width: 1280px) 100vw, 1280px\" \/><\/a><\/p>\n<\/div>\n<\/div><\/div><\/div><div id=\"pgc-391-6-1\"  class=\"panel-grid-cell\" ><div id=\"panel-391-6-1-0\" class=\"so-panel widget widget_sow-editor panel-first-child panel-last-child\" data-index=\"13\" ><div class=\"panel-widget-style panel-widget-style-for-391-6-1-0\" ><div\n\t\t\t\n\t\t\tclass=\"so-widget-sow-editor so-widget-sow-editor-base\"\n\t\t\t\n\t\t><h3 class=\"widget-title\">Plomben<\/h3>\n<div class=\"siteorigin-widget-tinymce textwidget\">\n\t<p>TPU<\/p>\n<p>\u00a0<\/p>\n<p>\u00a0<\/p>\n<\/div>\n<\/div><\/div><\/div><\/div><\/div><div id=\"pg-391-7\"  class=\"panel-grid panel-no-style\" ><div id=\"pgc-391-7-0\"  class=\"panel-grid-cell\" ><div id=\"panel-391-7-0-0\" class=\"so-panel widget widget_sow-editor panel-first-child panel-last-child\" data-index=\"14\" ><div\n\t\t\t\n\t\t\tclass=\"so-widget-sow-editor so-widget-sow-editor-base\"\n\t\t\t\n\t\t>\n<div class=\"siteorigin-widget-tinymce textwidget\">\n\t<p><a href=\"http:\/\/www.compoundone.de\/wp-content\/uploads\/2016\/09\/2016-12-07-358.jpg\"><img class=\"alignnone wp-image-948 size-full\" src=\"http:\/\/www.compoundone.de\/wp-content\/uploads\/2016\/09\/2016-12-07-358.jpg\" width=\"2560\" height=\"1707\" srcset=\"https:\/\/compoundone.de\/wp-content\/uploads\/2016\/09\/2016-12-07-358.jpg 2560w, https:\/\/compoundone.de\/wp-content\/uploads\/2016\/09\/2016-12-07-358-300x200.jpg 300w, https:\/\/compoundone.de\/wp-content\/uploads\/2016\/09\/2016-12-07-358-768x512.jpg 768w, https:\/\/compoundone.de\/wp-content\/uploads\/2016\/09\/2016-12-07-358-1024x683.jpg 1024w, https:\/\/compoundone.de\/wp-content\/uploads\/2016\/09\/2016-12-07-358-272x182.jpg 272w\" sizes=\"(max-width: 2560px) 100vw, 2560px\" \/><\/a><\/p>\n<p>&nbsp;<\/p>\n<\/div>\n<\/div><\/div><\/div><div id=\"pgc-391-7-1\"  class=\"panel-grid-cell\" ><div id=\"panel-391-7-1-0\" class=\"so-panel widget widget_sow-editor panel-first-child panel-last-child\" data-index=\"15\" ><div class=\"panel-widget-style panel-widget-style-for-391-7-1-0\" ><div\n\t\t\t\n\t\t\tclass=\"so-widget-sow-editor so-widget-sow-editor-base\"\n\t\t\t\n\t\t><h3 class=\"widget-title\">\u00dcbungsger\u00e4t<\/h3>\n<div class=\"siteorigin-widget-tinymce textwidget\">\n\t<p>Milit\u00e4r | \u00dcbungsger\u00e4t<\/p>\n<p>EPDM\/PP<\/p>\n<p>\u00a0<\/p>\n<p>\u00a0<\/p>\n<\/div>\n<\/div><\/div><\/div><\/div><\/div><div id=\"pg-391-8\"  class=\"panel-grid panel-no-style\" ><div id=\"pgc-391-8-0\"  class=\"panel-grid-cell\" ><div id=\"panel-391-8-0-0\" class=\"so-panel widget widget_sow-editor panel-first-child panel-last-child\" data-index=\"16\" ><div\n\t\t\t\n\t\t\tclass=\"so-widget-sow-editor so-widget-sow-editor-base\"\n\t\t\t\n\t\t>\n<div class=\"siteorigin-widget-tinymce textwidget\">\n\t<p><a href=\"http:\/\/www.compoundone.de\/wp-content\/uploads\/2016\/09\/2016-12-07-364.jpg\"><img class=\"alignnone wp-image-950 size-full\" src=\"http:\/\/www.compoundone.de\/wp-content\/uploads\/2016\/09\/2016-12-07-364.jpg\" width=\"2560\" height=\"1707\" srcset=\"https:\/\/compoundone.de\/wp-content\/uploads\/2016\/09\/2016-12-07-364.jpg 2560w, https:\/\/compoundone.de\/wp-content\/uploads\/2016\/09\/2016-12-07-364-300x200.jpg 300w, https:\/\/compoundone.de\/wp-content\/uploads\/2016\/09\/2016-12-07-364-768x512.jpg 768w, https:\/\/compoundone.de\/wp-content\/uploads\/2016\/09\/2016-12-07-364-1024x683.jpg 1024w, https:\/\/compoundone.de\/wp-content\/uploads\/2016\/09\/2016-12-07-364-272x182.jpg 272w\" sizes=\"(max-width: 2560px) 100vw, 2560px\" \/><\/a><\/p>\n<p>&nbsp;<\/p>\n<\/div>\n<\/div><\/div><\/div><div id=\"pgc-391-8-1\"  class=\"panel-grid-cell\" ><div id=\"panel-391-8-1-0\" class=\"so-panel widget widget_sow-editor panel-first-child panel-last-child\" data-index=\"17\" ><div class=\"panel-widget-style panel-widget-style-for-391-8-1-0\" ><div\n\t\t\t\n\t\t\tclass=\"so-widget-sow-editor so-widget-sow-editor-base\"\n\t\t\t\n\t\t><h3 class=\"widget-title\">Teil f\u00fcr die M\u00f6belindustrie<\/h3>\n<div class=\"siteorigin-widget-tinymce textwidget\">\n\t<p>M\u00f6belindustrie<\/p>\n<p>POM Homopolymer<\/p>\n<p>\u00a0<\/p>\n<p>\u00a0<\/p>\n<\/div>\n<\/div><\/div><\/div><\/div><\/div><div id=\"pg-391-9\"  class=\"panel-grid panel-no-style\" ><div id=\"pgc-391-9-0\"  class=\"panel-grid-cell\" ><div id=\"panel-391-9-0-0\" class=\"so-panel widget widget_sow-editor panel-first-child panel-last-child\" data-index=\"18\" ><div\n\t\t\t\n\t\t\tclass=\"so-widget-sow-editor so-widget-sow-editor-base\"\n\t\t\t\n\t\t>\n<div class=\"siteorigin-widget-tinymce textwidget\">\n\t<p><a href=\"http:\/\/www.compoundone.de\/wp-content\/uploads\/2016\/09\/2016-12-07-352.jpg\"><img class=\"alignnone wp-image-952 size-full\" src=\"http:\/\/www.compoundone.de\/wp-content\/uploads\/2016\/09\/2016-12-07-352.jpg\" width=\"2560\" height=\"1707\" srcset=\"https:\/\/compoundone.de\/wp-content\/uploads\/2016\/09\/2016-12-07-352.jpg 2560w, https:\/\/compoundone.de\/wp-content\/uploads\/2016\/09\/2016-12-07-352-300x200.jpg 300w, https:\/\/compoundone.de\/wp-content\/uploads\/2016\/09\/2016-12-07-352-768x512.jpg 768w, https:\/\/compoundone.de\/wp-content\/uploads\/2016\/09\/2016-12-07-352-1024x683.jpg 1024w, https:\/\/compoundone.de\/wp-content\/uploads\/2016\/09\/2016-12-07-352-272x182.jpg 272w\" sizes=\"(max-width: 2560px) 100vw, 2560px\" \/><\/a><\/p>\n<p>&nbsp;<\/p>\n<\/div>\n<\/div><\/div><\/div><div id=\"pgc-391-9-1\"  class=\"panel-grid-cell\" ><div id=\"panel-391-9-1-0\" class=\"so-panel widget widget_sow-editor panel-first-child panel-last-child\" data-index=\"19\" ><div class=\"panel-widget-style panel-widget-style-for-391-9-1-0\" ><div\n\t\t\t\n\t\t\tclass=\"so-widget-sow-editor so-widget-sow-editor-base\"\n\t\t\t\n\t\t><h3 class=\"widget-title\">Greifer F\u00f6rderband<\/h3>\n<div class=\"siteorigin-widget-tinymce textwidget\">\n\t<p>Maschinenbau |\u00a0Greifer F\u00f6rderband<\/p>\n<p>PPS GF40<\/p>\n<p>\u00a0<\/p>\n<p>\u00a0<\/p>\n<\/div>\n<\/div><\/div><\/div><\/div><\/div><\/div>","protected":false},"excerpt":{"rendered":"<p>Compamid\u00ae\u00a0B70PA 6 hochviskos Compotech\u00ae TPPA GF30<\/p>\n","protected":false},"author":3,"featured_media":0,"parent":13,"menu_order":0,"comment_status":"closed","ping_status":"closed","template":"","meta":{"footnotes":""},"class_list":["post-391","page","type-page","status-publish"],"_links":{"self":[{"href":"https:\/\/compoundone.de\/en\/wp-json\/wp\/v2\/pages\/391","targetHints":{"allow":["GET"]}}],"collection":[{"href":"https:\/\/compoundone.de\/en\/wp-json\/wp\/v2\/pages"}],"about":[{"href":"https:\/\/compoundone.de\/en\/wp-json\/wp\/v2\/types\/page"}],"author":[{"embeddable":true,"href":"https:\/\/compoundone.de\/en\/wp-json\/wp\/v2\/users\/3"}],"replies":[{"embeddable":true,"href":"https:\/\/compoundone.de\/en\/wp-json\/wp\/v2\/comments?post=391"}],"version-history":[{"count":29,"href":"https:\/\/compoundone.de\/en\/wp-json\/wp\/v2\/pages\/391\/revisions"}],"predecessor-version":[{"id":1089,"href":"https:\/\/compoundone.de\/en\/wp-json\/wp\/v2\/pages\/391\/revisions\/1089"}],"up":[{"embeddable":true,"href":"https:\/\/compoundone.de\/en\/wp-json\/wp\/v2\/pages\/13"}],"wp:attachment":[{"href":"https:\/\/compoundone.de\/en\/wp-json\/wp\/v2\/media?parent=391"}],"curies":[{"name":"wp","href":"https:\/\/api.w.org\/{rel}","templated":true}]}}