{"id":339,"date":"2016-08-30T10:39:10","date_gmt":"2016-08-30T10:39:10","guid":{"rendered":"http:\/\/www.dev.compoundone.de\/?page_id=339"},"modified":"2017-06-15T21:01:19","modified_gmt":"2017-06-15T21:01:19","slug":"sport-1","status":"publish","type":"page","link":"https:\/\/compoundone.de\/en\/referenzen\/sport-1\/","title":{"rendered":"Sports | Part 1"},"content":{"rendered":"<div id=\"pl-339\"  class=\"panel-layout\" ><div id=\"pg-339-0\"  class=\"panel-grid panel-no-style\" ><div id=\"pgc-339-0-0\"  class=\"panel-grid-cell\" ><div id=\"panel-339-0-0-0\" class=\"so-panel widget widget_sow-editor panel-first-child panel-last-child\" data-index=\"0\" ><div\n\t\t\t\n\t\t\tclass=\"so-widget-sow-editor so-widget-sow-editor-base\"\n\t\t\t\n\t\t>\n<div class=\"siteorigin-widget-tinymce textwidget\">\n\t<p><a href=\"http:\/\/www.compoundone.de\/wp-content\/uploads\/2016\/09\/2016-06-26-C1-021.jpg\"><img class=\"alignnone wp-image-357\" src=\"http:\/\/www.compoundone.de\/wp-content\/uploads\/2016\/09\/2016-06-26-C1-021-1024x683.jpg\" alt=\"Skibindung Fersenbacken\" width=\"1281\" height=\"854\" srcset=\"https:\/\/compoundone.de\/wp-content\/uploads\/2016\/09\/2016-06-26-C1-021-1024x683.jpg 1024w, https:\/\/compoundone.de\/wp-content\/uploads\/2016\/09\/2016-06-26-C1-021-300x200.jpg 300w, https:\/\/compoundone.de\/wp-content\/uploads\/2016\/09\/2016-06-26-C1-021-768x512.jpg 768w, https:\/\/compoundone.de\/wp-content\/uploads\/2016\/09\/2016-06-26-C1-021-500x333.jpg 500w, https:\/\/compoundone.de\/wp-content\/uploads\/2016\/09\/2016-06-26-C1-021-360x240.jpg 360w\" sizes=\"(max-width: 1281px) 100vw, 1281px\" \/><\/a><\/p>\n<\/div>\n<\/div><\/div><\/div><div id=\"pgc-339-0-1\"  class=\"panel-grid-cell\" ><div id=\"panel-339-0-1-0\" class=\"so-panel widget widget_sow-editor panel-first-child panel-last-child\" data-index=\"1\" ><div class=\"panel-widget-style panel-widget-style-for-339-0-1-0\" ><div\n\t\t\t\n\t\t\tclass=\"so-widget-sow-editor so-widget-sow-editor-base\"\n\t\t\t\n\t\t><h3 class=\"widget-title\">Skibindung Fersenbacken<\/h3>\n<div class=\"siteorigin-widget-tinymce textwidget\">\n\t<p>PA6 GF50 k\u00e4lteschlagz\u00e4h<\/p>\n<\/div>\n<\/div><\/div><\/div><\/div><\/div><div id=\"pg-339-1\"  class=\"panel-grid panel-no-style\" ><div id=\"pgc-339-1-0\"  class=\"panel-grid-cell\" ><div id=\"panel-339-1-0-0\" class=\"so-panel widget widget_sow-editor panel-first-child panel-last-child\" data-index=\"2\" ><div\n\t\t\t\n\t\t\tclass=\"so-widget-sow-editor so-widget-sow-editor-base\"\n\t\t\t\n\t\t>\n<div class=\"siteorigin-widget-tinymce textwidget\">\n\t<p><a href=\"http:\/\/www.compoundone.de\/wp-content\/uploads\/2016\/08\/2016-06-26-C1-024.jpg\"><img class=\"alignnone wp-image-363 size-full\" src=\"http:\/\/www.compoundone.de\/wp-content\/uploads\/2016\/08\/2016-06-26-C1-024.jpg\" alt=\"Skibindung\" width=\"2560\" height=\"1707\" srcset=\"https:\/\/compoundone.de\/wp-content\/uploads\/2016\/08\/2016-06-26-C1-024.jpg 2560w, https:\/\/compoundone.de\/wp-content\/uploads\/2016\/08\/2016-06-26-C1-024-300x200.jpg 300w, https:\/\/compoundone.de\/wp-content\/uploads\/2016\/08\/2016-06-26-C1-024-768x512.jpg 768w, https:\/\/compoundone.de\/wp-content\/uploads\/2016\/08\/2016-06-26-C1-024-1024x683.jpg 1024w, https:\/\/compoundone.de\/wp-content\/uploads\/2016\/08\/2016-06-26-C1-024-500x333.jpg 500w, https:\/\/compoundone.de\/wp-content\/uploads\/2016\/08\/2016-06-26-C1-024-360x240.jpg 360w, https:\/\/compoundone.de\/wp-content\/uploads\/2016\/08\/2016-06-26-C1-024-272x182.jpg 272w\" sizes=\"(max-width: 2560px) 100vw, 2560px\" \/><\/a><\/p>\n<\/div>\n<\/div><\/div><\/div><div id=\"pgc-339-1-1\"  class=\"panel-grid-cell\" ><div id=\"panel-339-1-1-0\" class=\"so-panel widget widget_sow-editor panel-first-child panel-last-child\" data-index=\"3\" ><div class=\"panel-widget-style panel-widget-style-for-339-1-1-0\" ><div\n\t\t\t\n\t\t\tclass=\"so-widget-sow-editor so-widget-sow-editor-base\"\n\t\t\t\n\t\t><h3 class=\"widget-title\">Skibindung<\/h3>\n<div class=\"siteorigin-widget-tinymce textwidget\">\n\t<p>PA6 GF50 k\u00e4ltschlagz\u00e4h<br \/>Folienhinterspritzung<\/p>\n<\/div>\n<\/div><\/div><\/div><\/div><\/div><div id=\"pg-339-2\"  class=\"panel-grid panel-no-style\" ><div id=\"pgc-339-2-0\"  class=\"panel-grid-cell\" ><div id=\"panel-339-2-0-0\" class=\"so-panel widget widget_sow-editor panel-first-child panel-last-child\" data-index=\"4\" ><div\n\t\t\t\n\t\t\tclass=\"so-widget-sow-editor so-widget-sow-editor-base\"\n\t\t\t\n\t\t>\n<div class=\"siteorigin-widget-tinymce textwidget\">\n\t<p><a href=\"http:\/\/www.compoundone.de\/wp-content\/uploads\/2016\/08\/2016-10-07-133.jpg\"><img class=\"alignnone wp-image-508 size-full\" src=\"http:\/\/www.compoundone.de\/wp-content\/uploads\/2016\/08\/2016-10-07-133.jpg\" alt=\"Sportschuhsohlen\" width=\"1280\" height=\"852\" srcset=\"https:\/\/compoundone.de\/wp-content\/uploads\/2016\/08\/2016-10-07-133.jpg 1280w, https:\/\/compoundone.de\/wp-content\/uploads\/2016\/08\/2016-10-07-133-300x200.jpg 300w, https:\/\/compoundone.de\/wp-content\/uploads\/2016\/08\/2016-10-07-133-768x511.jpg 768w, https:\/\/compoundone.de\/wp-content\/uploads\/2016\/08\/2016-10-07-133-1024x682.jpg 1024w, https:\/\/compoundone.de\/wp-content\/uploads\/2016\/08\/2016-10-07-133-500x333.jpg 500w, https:\/\/compoundone.de\/wp-content\/uploads\/2016\/08\/2016-10-07-133-360x240.jpg 360w, https:\/\/compoundone.de\/wp-content\/uploads\/2016\/08\/2016-10-07-133-272x182.jpg 272w\" sizes=\"(max-width: 1280px) 100vw, 1280px\" \/><\/a><\/p>\n<\/div>\n<\/div><\/div><\/div><div id=\"pgc-339-2-1\"  class=\"panel-grid-cell\" ><div id=\"panel-339-2-1-0\" class=\"so-panel widget widget_sow-editor panel-first-child panel-last-child\" data-index=\"5\" ><div class=\"panel-widget-style panel-widget-style-for-339-2-1-0\" ><div\n\t\t\t\n\t\t\tclass=\"so-widget-sow-editor so-widget-sow-editor-base\"\n\t\t\t\n\t\t><h3 class=\"widget-title\">Sportschuhsohlen<\/h3>\n<div class=\"siteorigin-widget-tinymce textwidget\">\n\t<p>Compolan<sup>\u00ae<\/sup><\/p>\n<p>TPU<\/p>\n<\/div>\n<\/div><\/div><\/div><\/div><\/div><div id=\"pg-339-3\"  class=\"panel-grid panel-no-style\" ><div id=\"pgc-339-3-0\"  class=\"panel-grid-cell\" ><div id=\"panel-339-3-0-0\" class=\"so-panel widget widget_sow-editor panel-first-child panel-last-child\" data-index=\"6\" ><div\n\t\t\t\n\t\t\tclass=\"so-widget-sow-editor so-widget-sow-editor-base\"\n\t\t\t\n\t\t>\n<div class=\"siteorigin-widget-tinymce textwidget\">\n\t<p><a href=\"http:\/\/www.compoundone.de\/wp-content\/uploads\/2016\/08\/2016-10-07-196.jpg\"><img class=\"alignnone wp-image-505 size-full\" src=\"http:\/\/www.compoundone.de\/wp-content\/uploads\/2016\/08\/2016-10-07-196.jpg\" alt=\"Hybridumschaltsystem\" width=\"1280\" height=\"852\" srcset=\"https:\/\/compoundone.de\/wp-content\/uploads\/2016\/08\/2016-10-07-196.jpg 1280w, https:\/\/compoundone.de\/wp-content\/uploads\/2016\/08\/2016-10-07-196-300x200.jpg 300w, https:\/\/compoundone.de\/wp-content\/uploads\/2016\/08\/2016-10-07-196-768x511.jpg 768w, https:\/\/compoundone.de\/wp-content\/uploads\/2016\/08\/2016-10-07-196-1024x682.jpg 1024w, https:\/\/compoundone.de\/wp-content\/uploads\/2016\/08\/2016-10-07-196-500x333.jpg 500w, https:\/\/compoundone.de\/wp-content\/uploads\/2016\/08\/2016-10-07-196-360x240.jpg 360w, https:\/\/compoundone.de\/wp-content\/uploads\/2016\/08\/2016-10-07-196-272x182.jpg 272w\" sizes=\"(max-width: 1280px) 100vw, 1280px\" \/><\/a><\/p>\n<\/div>\n<\/div><\/div><\/div><div id=\"pgc-339-3-1\"  class=\"panel-grid-cell\" ><div id=\"panel-339-3-1-0\" class=\"so-panel widget widget_sow-editor panel-first-child panel-last-child\" data-index=\"7\" ><div class=\"panel-widget-style panel-widget-style-for-339-3-1-0\" ><div\n\t\t\t\n\t\t\tclass=\"so-widget-sow-editor so-widget-sow-editor-base\"\n\t\t\t\n\t\t><h3 class=\"widget-title\">Hybridumschaltsystem<\/h3>\n<div class=\"siteorigin-widget-tinymce textwidget\">\n\t<p>Skisport | hybrides Umschaltsystem f\u00fcr Piste auf Tiefschnee<\/p>\n<p>Compoform<sup>\u00ae<\/sup><\/p>\n<p>POM<\/p>\n<p>glasfaserverst\u00e4rkt, k\u00e4lteschlagz\u00e4h, hoch gleitf\u00e4hig<\/p>\n<\/div>\n<\/div><\/div><\/div><\/div><\/div><div id=\"pg-339-4\"  class=\"panel-grid panel-no-style\" ><div id=\"pgc-339-4-0\"  class=\"panel-grid-cell\" ><div id=\"panel-339-4-0-0\" class=\"so-panel widget widget_sow-editor panel-first-child panel-last-child\" data-index=\"8\" ><div\n\t\t\t\n\t\t\tclass=\"so-widget-sow-editor so-widget-sow-editor-base\"\n\t\t\t\n\t\t>\n<div class=\"siteorigin-widget-tinymce textwidget\">\n\t<p><a href=\"http:\/\/www.compoundone.de\/wp-content\/uploads\/2016\/08\/2016-09-29-152.jpg\"><img class=\"alignnone wp-image-512 size-full\" src=\"http:\/\/www.compoundone.de\/wp-content\/uploads\/2016\/08\/2016-09-29-152.jpg\" width=\"1280\" height=\"852\" srcset=\"https:\/\/compoundone.de\/wp-content\/uploads\/2016\/08\/2016-09-29-152.jpg 1280w, https:\/\/compoundone.de\/wp-content\/uploads\/2016\/08\/2016-09-29-152-300x200.jpg 300w, https:\/\/compoundone.de\/wp-content\/uploads\/2016\/08\/2016-09-29-152-768x511.jpg 768w, https:\/\/compoundone.de\/wp-content\/uploads\/2016\/08\/2016-09-29-152-1024x682.jpg 1024w, https:\/\/compoundone.de\/wp-content\/uploads\/2016\/08\/2016-09-29-152-500x333.jpg 500w, https:\/\/compoundone.de\/wp-content\/uploads\/2016\/08\/2016-09-29-152-360x240.jpg 360w, https:\/\/compoundone.de\/wp-content\/uploads\/2016\/08\/2016-09-29-152-272x182.jpg 272w\" sizes=\"(max-width: 1280px) 100vw, 1280px\" \/><\/a><\/p>\n<\/div>\n<\/div><\/div><\/div><div id=\"pgc-339-4-1\"  class=\"panel-grid-cell\" ><div id=\"panel-339-4-1-0\" class=\"so-panel widget widget_sow-editor panel-first-child panel-last-child\" data-index=\"9\" ><div class=\"panel-widget-style panel-widget-style-for-339-4-1-0\" ><div\n\t\t\t\n\t\t\tclass=\"so-widget-sow-editor so-widget-sow-editor-base\"\n\t\t\t\n\t\t><h3 class=\"widget-title\">Rennplatte<\/h3>\n<div class=\"siteorigin-widget-tinymce textwidget\">\n\t<p>Skisport |\u00a0Rennplatte<\/p>\n<p>Compolan<sup>\u00ae<\/sup><\/p>\n<p>TPU mit 20% Glasfaser<\/p>\n<\/div>\n<\/div><\/div><\/div><\/div><\/div><div id=\"pg-339-5\"  class=\"panel-grid panel-no-style\" ><div id=\"pgc-339-5-0\"  class=\"panel-grid-cell\" ><div id=\"panel-339-5-0-0\" class=\"so-panel widget widget_sow-editor panel-first-child panel-last-child\" data-index=\"10\" ><div\n\t\t\t\n\t\t\tclass=\"so-widget-sow-editor so-widget-sow-editor-base\"\n\t\t\t\n\t\t>\n<div class=\"siteorigin-widget-tinymce textwidget\">\n\t<p><a href=\"http:\/\/www.compoundone.de\/wp-content\/uploads\/2016\/08\/2016-10-07-201.jpg\"><img class=\"alignnone wp-image-515 size-full\" src=\"http:\/\/www.compoundone.de\/wp-content\/uploads\/2016\/08\/2016-10-07-201.jpg\" width=\"1280\" height=\"852\" srcset=\"https:\/\/compoundone.de\/wp-content\/uploads\/2016\/08\/2016-10-07-201.jpg 1280w, https:\/\/compoundone.de\/wp-content\/uploads\/2016\/08\/2016-10-07-201-300x200.jpg 300w, https:\/\/compoundone.de\/wp-content\/uploads\/2016\/08\/2016-10-07-201-768x511.jpg 768w, https:\/\/compoundone.de\/wp-content\/uploads\/2016\/08\/2016-10-07-201-1024x682.jpg 1024w, https:\/\/compoundone.de\/wp-content\/uploads\/2016\/08\/2016-10-07-201-500x333.jpg 500w, https:\/\/compoundone.de\/wp-content\/uploads\/2016\/08\/2016-10-07-201-360x240.jpg 360w, https:\/\/compoundone.de\/wp-content\/uploads\/2016\/08\/2016-10-07-201-272x182.jpg 272w\" sizes=\"(max-width: 1280px) 100vw, 1280px\" \/><\/a><\/p>\n<\/div>\n<\/div><\/div><\/div><div id=\"pgc-339-5-1\"  class=\"panel-grid-cell\" ><div id=\"panel-339-5-1-0\" class=\"so-panel widget widget_sow-editor panel-first-child panel-last-child\" data-index=\"11\" ><div class=\"panel-widget-style panel-widget-style-for-339-5-1-0\" ><div\n\t\t\t\n\t\t\tclass=\"so-widget-sow-editor so-widget-sow-editor-base\"\n\t\t\t\n\t\t><h3 class=\"widget-title\">Geierschnabel<\/h3>\n<div class=\"siteorigin-widget-tinymce textwidget\">\n\t<p>Skisport |\u00a0Geierschnabel<\/p>\n<p>Skispitzenprotektor f\u00fcr Slalomski<\/p>\n<p>Compolan<sup>\u00ae<\/sup><\/p>\n<p>TPU\u00a0hochschlagz\u00e4h<\/p>\n<\/div>\n<\/div><\/div><\/div><\/div><\/div><div id=\"pg-339-6\"  class=\"panel-grid panel-no-style\" ><div id=\"pgc-339-6-0\"  class=\"panel-grid-cell\" ><div id=\"panel-339-6-0-0\" class=\"so-panel widget widget_sow-editor panel-first-child panel-last-child\" data-index=\"12\" ><div\n\t\t\t\n\t\t\tclass=\"so-widget-sow-editor so-widget-sow-editor-base\"\n\t\t\t\n\t\t>\n<div class=\"siteorigin-widget-tinymce textwidget\">\n\t<p><a href=\"http:\/\/www.compoundone.de\/wp-content\/uploads\/2016\/08\/2016-12-07-381.jpg\"><img class=\"alignnone wp-image-708 size-full\" src=\"http:\/\/www.compoundone.de\/wp-content\/uploads\/2016\/08\/2016-12-07-381.jpg\" alt=\"Teil einer Skibindung\" width=\"2560\" height=\"1707\" srcset=\"https:\/\/compoundone.de\/wp-content\/uploads\/2016\/08\/2016-12-07-381.jpg 2560w, https:\/\/compoundone.de\/wp-content\/uploads\/2016\/08\/2016-12-07-381-300x200.jpg 300w, https:\/\/compoundone.de\/wp-content\/uploads\/2016\/08\/2016-12-07-381-768x512.jpg 768w, https:\/\/compoundone.de\/wp-content\/uploads\/2016\/08\/2016-12-07-381-1024x683.jpg 1024w, https:\/\/compoundone.de\/wp-content\/uploads\/2016\/08\/2016-12-07-381-360x240.jpg 360w, https:\/\/compoundone.de\/wp-content\/uploads\/2016\/08\/2016-12-07-381-272x182.jpg 272w\" sizes=\"(max-width: 2560px) 100vw, 2560px\" \/><\/a><\/p>\n<\/div>\n<\/div><\/div><\/div><div id=\"pgc-339-6-1\"  class=\"panel-grid-cell\" ><div id=\"panel-339-6-1-0\" class=\"so-panel widget widget_sow-editor panel-first-child panel-last-child\" data-index=\"13\" ><div class=\"panel-widget-style panel-widget-style-for-339-6-1-0\" ><div\n\t\t\t\n\t\t\tclass=\"so-widget-sow-editor so-widget-sow-editor-base\"\n\t\t\t\n\t\t><h3 class=\"widget-title\">Teil einer Skibindung<\/h3>\n<div class=\"siteorigin-widget-tinymce textwidget\">\n\t<p>Skisport | Teil einer Skibindung<\/p>\n<p>Compoflex<sup>\u00ae<\/sup><\/p>\n<p>SEBS<\/p>\n<\/div>\n<\/div><\/div><\/div><\/div><\/div><div id=\"pg-339-7\"  class=\"panel-grid panel-no-style\" ><div id=\"pgc-339-7-0\"  class=\"panel-grid-cell\" ><div id=\"panel-339-7-0-0\" class=\"so-panel widget widget_sow-editor panel-first-child panel-last-child\" data-index=\"14\" ><div\n\t\t\t\n\t\t\tclass=\"so-widget-sow-editor so-widget-sow-editor-base\"\n\t\t\t\n\t\t>\n<div class=\"siteorigin-widget-tinymce textwidget\">\n\t<p><a href=\"http:\/\/www.compoundone.de\/wp-content\/uploads\/2016\/08\/2016-12-07-368.jpg\"><img class=\"alignnone wp-image-711 size-full\" src=\"http:\/\/www.compoundone.de\/wp-content\/uploads\/2016\/08\/2016-12-07-368.jpg\" alt=\"Booster Skibindung\" width=\"2560\" height=\"1707\" srcset=\"https:\/\/compoundone.de\/wp-content\/uploads\/2016\/08\/2016-12-07-368.jpg 2560w, https:\/\/compoundone.de\/wp-content\/uploads\/2016\/08\/2016-12-07-368-300x200.jpg 300w, https:\/\/compoundone.de\/wp-content\/uploads\/2016\/08\/2016-12-07-368-768x512.jpg 768w, https:\/\/compoundone.de\/wp-content\/uploads\/2016\/08\/2016-12-07-368-1024x683.jpg 1024w, https:\/\/compoundone.de\/wp-content\/uploads\/2016\/08\/2016-12-07-368-360x240.jpg 360w, https:\/\/compoundone.de\/wp-content\/uploads\/2016\/08\/2016-12-07-368-272x182.jpg 272w\" sizes=\"(max-width: 2560px) 100vw, 2560px\" \/><\/a><\/p>\n<\/div>\n<\/div><\/div><\/div><div id=\"pgc-339-7-1\"  class=\"panel-grid-cell\" ><div id=\"panel-339-7-1-0\" class=\"so-panel widget widget_sow-editor panel-first-child panel-last-child\" data-index=\"15\" ><div class=\"panel-widget-style panel-widget-style-for-339-7-1-0\" ><div\n\t\t\t\n\t\t\tclass=\"so-widget-sow-editor so-widget-sow-editor-base\"\n\t\t\t\n\t\t><h3 class=\"widget-title\">Booster Skibindung<\/h3>\n<div class=\"siteorigin-widget-tinymce textwidget\">\n\t<p>Skisport | Booster Skibindung<\/p>\n<p>PA12 GF50<\/p>\n<\/div>\n<\/div><\/div><\/div><\/div><\/div><div id=\"pg-339-8\"  class=\"panel-grid panel-no-style\" ><div id=\"pgc-339-8-0\"  class=\"panel-grid-cell\" ><div id=\"panel-339-8-0-0\" class=\"so-panel widget widget_sow-editor panel-first-child panel-last-child\" data-index=\"16\" ><div\n\t\t\t\n\t\t\tclass=\"so-widget-sow-editor so-widget-sow-editor-base\"\n\t\t\t\n\t\t>\n<div class=\"siteorigin-widget-tinymce textwidget\">\n\t<p><a href=\"http:\/\/www.compoundone.de\/wp-content\/uploads\/2016\/08\/2016-12-07-373.jpg\"><img class=\"alignnone wp-image-713 size-full\" src=\"http:\/\/www.compoundone.de\/wp-content\/uploads\/2016\/08\/2016-12-07-373.jpg\" alt=\"Nordik Bindung\" width=\"2560\" height=\"1707\" srcset=\"https:\/\/compoundone.de\/wp-content\/uploads\/2016\/08\/2016-12-07-373.jpg 2560w, https:\/\/compoundone.de\/wp-content\/uploads\/2016\/08\/2016-12-07-373-300x200.jpg 300w, https:\/\/compoundone.de\/wp-content\/uploads\/2016\/08\/2016-12-07-373-768x512.jpg 768w, https:\/\/compoundone.de\/wp-content\/uploads\/2016\/08\/2016-12-07-373-1024x683.jpg 1024w, https:\/\/compoundone.de\/wp-content\/uploads\/2016\/08\/2016-12-07-373-360x240.jpg 360w, https:\/\/compoundone.de\/wp-content\/uploads\/2016\/08\/2016-12-07-373-272x182.jpg 272w\" sizes=\"(max-width: 2560px) 100vw, 2560px\" \/><\/a><\/p>\n<\/div>\n<\/div><\/div><\/div><div id=\"pgc-339-8-1\"  class=\"panel-grid-cell\" ><div id=\"panel-339-8-1-0\" class=\"so-panel widget widget_sow-editor panel-first-child panel-last-child\" data-index=\"17\" ><div class=\"panel-widget-style panel-widget-style-for-339-8-1-0\" ><div\n\t\t\t\n\t\t\tclass=\"so-widget-sow-editor so-widget-sow-editor-base\"\n\t\t\t\n\t\t><h3 class=\"widget-title\">Nordik Bindung<\/h3>\n<div class=\"siteorigin-widget-tinymce textwidget\">\n\t<p>Skisport | Nordik Bindung<\/p>\n<\/div>\n<\/div><\/div><\/div><\/div><\/div><div id=\"pg-339-9\"  class=\"panel-grid panel-no-style\" ><div id=\"pgc-339-9-0\"  class=\"panel-grid-cell\" ><div id=\"panel-339-9-0-0\" class=\"so-panel widget widget_sow-editor panel-first-child panel-last-child\" data-index=\"18\" ><div\n\t\t\t\n\t\t\tclass=\"so-widget-sow-editor so-widget-sow-editor-base\"\n\t\t\t\n\t\t>\n<div class=\"siteorigin-widget-tinymce textwidget\">\n\t<p><a href=\"http:\/\/www.compoundone.de\/wp-content\/uploads\/2016\/08\/2016-12-07-371.jpg\"><img class=\"alignnone wp-image-715 size-full\" src=\"http:\/\/www.compoundone.de\/wp-content\/uploads\/2016\/08\/2016-12-07-371.jpg\" alt=\"Schutzblech - Nordik Rollbindung\" width=\"2560\" height=\"1707\" srcset=\"https:\/\/compoundone.de\/wp-content\/uploads\/2016\/08\/2016-12-07-371.jpg 2560w, https:\/\/compoundone.de\/wp-content\/uploads\/2016\/08\/2016-12-07-371-300x200.jpg 300w, https:\/\/compoundone.de\/wp-content\/uploads\/2016\/08\/2016-12-07-371-768x512.jpg 768w, https:\/\/compoundone.de\/wp-content\/uploads\/2016\/08\/2016-12-07-371-1024x683.jpg 1024w, https:\/\/compoundone.de\/wp-content\/uploads\/2016\/08\/2016-12-07-371-360x240.jpg 360w, https:\/\/compoundone.de\/wp-content\/uploads\/2016\/08\/2016-12-07-371-272x182.jpg 272w\" sizes=\"(max-width: 2560px) 100vw, 2560px\" \/><\/a><\/p>\n<\/div>\n<\/div><\/div><\/div><div id=\"pgc-339-9-1\"  class=\"panel-grid-cell\" ><div id=\"panel-339-9-1-0\" class=\"so-panel widget widget_sow-editor panel-first-child panel-last-child\" data-index=\"19\" ><div class=\"panel-widget-style panel-widget-style-for-339-9-1-0\" ><div\n\t\t\t\n\t\t\tclass=\"so-widget-sow-editor so-widget-sow-editor-base\"\n\t\t\t\n\t\t><h3 class=\"widget-title\">Schutzblech - Nordik Rollbindung<\/h3>\n<div class=\"siteorigin-widget-tinymce textwidget\">\n\t<p>Skisport | Schutzblech - Nordik Rollbindung<\/p>\n<p>PP GF20 schlagz\u00e4h<\/p>\n<\/div>\n<\/div><\/div><\/div><\/div><\/div><\/div>","protected":false},"excerpt":{"rendered":"<p>PA6 GF50 k\u00e4lteschlagz\u00e4h PA6 GF50 k\u00e4ltschlagz\u00e4hFolienhinterspritzung<\/p>\n","protected":false},"author":3,"featured_media":0,"parent":13,"menu_order":0,"comment_status":"closed","ping_status":"closed","template":"","meta":{"footnotes":""},"class_list":["post-339","page","type-page","status-publish"],"_links":{"self":[{"href":"https:\/\/compoundone.de\/en\/wp-json\/wp\/v2\/pages\/339","targetHints":{"allow":["GET"]}}],"collection":[{"href":"https:\/\/compoundone.de\/en\/wp-json\/wp\/v2\/pages"}],"about":[{"href":"https:\/\/compoundone.de\/en\/wp-json\/wp\/v2\/types\/page"}],"author":[{"embeddable":true,"href":"https:\/\/compoundone.de\/en\/wp-json\/wp\/v2\/users\/3"}],"replies":[{"embeddable":true,"href":"https:\/\/compoundone.de\/en\/wp-json\/wp\/v2\/comments?post=339"}],"version-history":[{"count":28,"href":"https:\/\/compoundone.de\/en\/wp-json\/wp\/v2\/pages\/339\/revisions"}],"predecessor-version":[{"id":1091,"href":"https:\/\/compoundone.de\/en\/wp-json\/wp\/v2\/pages\/339\/revisions\/1091"}],"up":[{"embeddable":true,"href":"https:\/\/compoundone.de\/en\/wp-json\/wp\/v2\/pages\/13"}],"wp:attachment":[{"href":"https:\/\/compoundone.de\/en\/wp-json\/wp\/v2\/media?parent=339"}],"curies":[{"name":"wp","href":"https:\/\/api.w.org\/{rel}","templated":true}]}}