{"id":337,"date":"2016-08-30T10:38:54","date_gmt":"2016-08-30T10:38:54","guid":{"rendered":"http:\/\/www.dev.compoundone.de\/?page_id=337"},"modified":"2020-08-05T22:00:37","modified_gmt":"2020-08-05T22:00:37","slug":"automobil-1","status":"publish","type":"page","link":"https:\/\/compoundone.de\/en\/referenzen\/automobil-1\/","title":{"rendered":"Automotive | Part 1"},"content":{"rendered":"<div id=\"pl-337\"  class=\"panel-layout\" ><div id=\"pg-337-0\"  class=\"panel-grid panel-no-style\" ><div id=\"pgc-337-0-0\"  class=\"panel-grid-cell\" ><div id=\"panel-337-0-0-0\" class=\"so-panel widget widget_sow-editor panel-first-child panel-last-child\" data-index=\"0\" ><div\n\t\t\t\n\t\t\tclass=\"so-widget-sow-editor so-widget-sow-editor-base\"\n\t\t\t\n\t\t>\n<div class=\"siteorigin-widget-tinymce textwidget\">\n\t<p><a href=\"http:\/\/www.compoundone.de\/wp-content\/uploads\/2016\/09\/2016-06-27-C1-034-2.jpg\"><img class=\"alignnone\" src=\"http:\/\/www.compoundone.de\/wp-content\/uploads\/2016\/09\/2016-06-27-C1-034-2.jpg\" width=\"1280\" height=\"852\" \/><\/a><\/p>\n<\/div>\n<\/div><\/div><\/div><div id=\"pgc-337-0-1\"  class=\"panel-grid-cell\" ><div id=\"panel-337-0-1-0\" class=\"so-panel widget widget_sow-editor panel-first-child panel-last-child\" data-index=\"1\" ><div class=\"panel-widget-style panel-widget-style-for-337-0-1-0\" ><div\n\t\t\t\n\t\t\tclass=\"so-widget-sow-editor so-widget-sow-editor-base\"\n\t\t\t\n\t\t><h3 class=\"widget-title\">Verankerung Bowdenzug f\u00fcr Schiebedach<\/h3>\n<div class=\"siteorigin-widget-tinymce textwidget\">\n\t<p>PA6 GF 45 LGF schwarz<\/p>\n<p>Verst\u00e4rkung mit Langglasfaser<\/p>\n<\/div>\n<\/div><\/div><\/div><\/div><\/div><div id=\"pg-337-1\"  class=\"panel-grid panel-no-style\" ><div id=\"pgc-337-1-0\"  class=\"panel-grid-cell\" ><div id=\"panel-337-1-0-0\" class=\"so-panel widget widget_sow-editor panel-first-child panel-last-child\" data-index=\"2\" ><div\n\t\t\t\n\t\t\tclass=\"so-widget-sow-editor so-widget-sow-editor-base\"\n\t\t\t\n\t\t>\n<div class=\"siteorigin-widget-tinymce textwidget\">\n\t<p><a href=\"http:\/\/www.compoundone.de\/wp-content\/uploads\/2016\/09\/2016-06-27-C1-058.jpg\"><img class=\"alignnone\" src=\"http:\/\/www.compoundone.de\/wp-content\/uploads\/2016\/09\/2016-06-27-C1-058.jpg\" width=\"1280\" height=\"852\" \/><\/a><\/p>\n<\/div>\n<\/div><\/div><\/div><div id=\"pgc-337-1-1\"  class=\"panel-grid-cell\" ><div id=\"panel-337-1-1-0\" class=\"so-panel widget widget_sow-editor panel-first-child panel-last-child\" data-index=\"3\" ><div class=\"panel-widget-style panel-widget-style-for-337-1-1-0\" ><div\n\t\t\t\n\t\t\tclass=\"so-widget-sow-editor so-widget-sow-editor-base\"\n\t\t\t\n\t\t><h3 class=\"widget-title\">Antirutschmatte Mittelarmlehne<\/h3>\n<div class=\"siteorigin-widget-tinymce textwidget\">\n\t<p>BMW 1er Cabriolet<\/p>\n<\/div>\n<\/div><\/div><\/div><\/div><\/div><div id=\"pg-337-2\"  class=\"panel-grid panel-no-style\" ><div id=\"pgc-337-2-0\"  class=\"panel-grid-cell\" ><div id=\"panel-337-2-0-0\" class=\"so-panel widget widget_sow-editor panel-first-child panel-last-child\" data-index=\"4\" ><div\n\t\t\t\n\t\t\tclass=\"so-widget-sow-editor so-widget-sow-editor-base\"\n\t\t\t\n\t\t>\n<div class=\"siteorigin-widget-tinymce textwidget\">\n\t<p><a href=\"http:\/\/www.compoundone.de\/wp-content\/uploads\/2016\/08\/2016-06-27-C1-056.jpg\"><img class=\"alignnone\" src=\"http:\/\/www.compoundone.de\/wp-content\/uploads\/2016\/08\/2016-06-27-C1-044.jpg\" width=\"1280\" height=\"852\" \/><\/a><\/p>\n<\/div>\n<\/div><\/div><\/div><div id=\"pgc-337-2-1\"  class=\"panel-grid-cell\" ><div id=\"panel-337-2-1-0\" class=\"so-panel widget widget_sow-editor panel-first-child panel-last-child\" data-index=\"5\" ><div class=\"panel-widget-style panel-widget-style-for-337-2-1-0\" ><div\n\t\t\t\n\t\t\tclass=\"so-widget-sow-editor so-widget-sow-editor-base\"\n\t\t\t\n\t\t><h3 class=\"widget-title\">Cupholder f\u00fcr Audi<\/h3>\n<div class=\"siteorigin-widget-tinymce textwidget\">\n\t<p>ABS + SEBS<\/p>\n<p>2K modifiziertes SEBS mit 50 ShoreA<\/p>\n<\/div>\n<\/div><\/div><\/div><\/div><\/div><div id=\"pg-337-3\"  class=\"panel-grid panel-no-style\" ><div id=\"pgc-337-3-0\"  class=\"panel-grid-cell\" ><div id=\"panel-337-3-0-0\" class=\"so-panel widget widget_sow-editor panel-first-child panel-last-child\" data-index=\"6\" ><div\n\t\t\t\n\t\t\tclass=\"so-widget-sow-editor so-widget-sow-editor-base\"\n\t\t\t\n\t\t>\n<div class=\"siteorigin-widget-tinymce textwidget\">\n\t<p><a href=\"http:\/\/www.compoundone.de\/wp-content\/uploads\/2016\/08\/2016-06-27-C1-056.jpg\"><img class=\"alignnone size-full wp-image-377\" src=\"http:\/\/www.compoundone.de\/wp-content\/uploads\/2016\/08\/2016-06-27-C1-056.jpg\" alt=\"2K-TEil Rolls Roys\" width=\"1280\" height=\"852\" srcset=\"https:\/\/compoundone.de\/wp-content\/uploads\/2016\/08\/2016-06-27-C1-056.jpg 1280w, https:\/\/compoundone.de\/wp-content\/uploads\/2016\/08\/2016-06-27-C1-056-300x200.jpg 300w, https:\/\/compoundone.de\/wp-content\/uploads\/2016\/08\/2016-06-27-C1-056-768x511.jpg 768w, https:\/\/compoundone.de\/wp-content\/uploads\/2016\/08\/2016-06-27-C1-056-1024x682.jpg 1024w, https:\/\/compoundone.de\/wp-content\/uploads\/2016\/08\/2016-06-27-C1-056-500x333.jpg 500w, https:\/\/compoundone.de\/wp-content\/uploads\/2016\/08\/2016-06-27-C1-056-360x240.jpg 360w, https:\/\/compoundone.de\/wp-content\/uploads\/2016\/08\/2016-06-27-C1-056-272x182.jpg 272w\" sizes=\"(max-width: 1280px) 100vw, 1280px\" \/><\/a><\/p>\n<\/div>\n<\/div><\/div><\/div><div id=\"pgc-337-3-1\"  class=\"panel-grid-cell\" ><div id=\"panel-337-3-1-0\" class=\"so-panel widget widget_sow-editor panel-first-child panel-last-child\" data-index=\"7\" ><div class=\"panel-widget-style panel-widget-style-for-337-3-1-0\" ><div\n\t\t\t\n\t\t\tclass=\"so-widget-sow-editor so-widget-sow-editor-base\"\n\t\t\t\n\t\t><h3 class=\"widget-title\">2K-Teil f\u00fcr Rolls Royce<\/h3>\n<div class=\"siteorigin-widget-tinymce textwidget\">\n\t<p>PA6 GF35 schwarz mit haftungsmodifiziertem SEBS in Shore 60A<\/p>\n<\/div>\n<\/div><\/div><\/div><\/div><\/div><div id=\"pg-337-4\"  class=\"panel-grid panel-no-style\" ><div id=\"pgc-337-4-0\"  class=\"panel-grid-cell\" ><div id=\"panel-337-4-0-0\" class=\"so-panel widget widget_sow-editor panel-first-child panel-last-child\" data-index=\"8\" ><div\n\t\t\t\n\t\t\tclass=\"so-widget-sow-editor so-widget-sow-editor-base\"\n\t\t\t\n\t\t>\n<div class=\"siteorigin-widget-tinymce textwidget\">\n\t<p><a href=\"http:\/\/www.compoundone.de\/wp-content\/uploads\/2016\/08\/2016-06-27-C1-063.jpg\"><img class=\"alignnone size-full wp-image-380\" src=\"http:\/\/www.compoundone.de\/wp-content\/uploads\/2016\/08\/2016-06-27-C1-063.jpg\" alt=\"Steinschlagschutz f\u00fcr Sto\u00dfd\u00e4mpfer\" width=\"1280\" height=\"852\" srcset=\"https:\/\/compoundone.de\/wp-content\/uploads\/2016\/08\/2016-06-27-C1-063.jpg 1280w, https:\/\/compoundone.de\/wp-content\/uploads\/2016\/08\/2016-06-27-C1-063-300x200.jpg 300w, https:\/\/compoundone.de\/wp-content\/uploads\/2016\/08\/2016-06-27-C1-063-768x511.jpg 768w, https:\/\/compoundone.de\/wp-content\/uploads\/2016\/08\/2016-06-27-C1-063-1024x682.jpg 1024w, https:\/\/compoundone.de\/wp-content\/uploads\/2016\/08\/2016-06-27-C1-063-500x333.jpg 500w, https:\/\/compoundone.de\/wp-content\/uploads\/2016\/08\/2016-06-27-C1-063-360x240.jpg 360w, https:\/\/compoundone.de\/wp-content\/uploads\/2016\/08\/2016-06-27-C1-063-272x182.jpg 272w\" sizes=\"(max-width: 1280px) 100vw, 1280px\" \/><\/a><\/p>\n<\/div>\n<\/div><\/div><\/div><div id=\"pgc-337-4-1\"  class=\"panel-grid-cell\" ><div id=\"panel-337-4-1-0\" class=\"so-panel widget widget_sow-editor panel-first-child panel-last-child\" data-index=\"9\" ><div class=\"panel-widget-style panel-widget-style-for-337-4-1-0\" ><div\n\t\t\t\n\t\t\tclass=\"so-widget-sow-editor so-widget-sow-editor-base\"\n\t\t\t\n\t\t><h3 class=\"widget-title\">Steinschlagschutz f\u00fcr Sto\u00dfd\u00e4mpfer<\/h3>\n<div class=\"siteorigin-widget-tinymce textwidget\">\n\t<p>PP\/ EPDM<\/p>\n<\/div>\n<\/div><\/div><\/div><\/div><\/div><div id=\"pg-337-5\"  class=\"panel-grid panel-no-style\" ><div id=\"pgc-337-5-0\"  class=\"panel-grid-cell\" ><div id=\"panel-337-5-0-0\" class=\"so-panel widget widget_sow-editor panel-first-child panel-last-child\" data-index=\"10\" ><div\n\t\t\t\n\t\t\tclass=\"so-widget-sow-editor so-widget-sow-editor-base\"\n\t\t\t\n\t\t>\n<div class=\"siteorigin-widget-tinymce textwidget\">\n\t<p><a href=\"http:\/\/www.compoundone.de\/wp-content\/uploads\/2016\/08\/2016-10-07-091.jpg\"><br \/>\n<img class=\"alignnone wp-image-534 size-full\" src=\"http:\/\/www.compoundone.de\/wp-content\/uploads\/2016\/08\/2016-10-07-091.jpg\" width=\"1280\" height=\"852\" srcset=\"https:\/\/compoundone.de\/wp-content\/uploads\/2016\/08\/2016-10-07-091.jpg 1280w, https:\/\/compoundone.de\/wp-content\/uploads\/2016\/08\/2016-10-07-091-300x200.jpg 300w, https:\/\/compoundone.de\/wp-content\/uploads\/2016\/08\/2016-10-07-091-768x511.jpg 768w, https:\/\/compoundone.de\/wp-content\/uploads\/2016\/08\/2016-10-07-091-1024x682.jpg 1024w, https:\/\/compoundone.de\/wp-content\/uploads\/2016\/08\/2016-10-07-091-500x333.jpg 500w, https:\/\/compoundone.de\/wp-content\/uploads\/2016\/08\/2016-10-07-091-360x240.jpg 360w, https:\/\/compoundone.de\/wp-content\/uploads\/2016\/08\/2016-10-07-091-272x182.jpg 272w\" sizes=\"(max-width: 1280px) 100vw, 1280px\" \/><\/a> <\/p>\n<p><a href=\"http:\/\/www.compoundone.de\/wp-content\/uploads\/2016\/08\/2016-10-07-099.jpg\"><br \/>\n<img class=\"alignnone size-full wp-image-535\" src=\"http:\/\/www.compoundone.de\/wp-content\/uploads\/2016\/08\/2016-10-07-099.jpg\"  width=\"1280\" height=\"852\" srcset=\"https:\/\/compoundone.de\/wp-content\/uploads\/2016\/08\/2016-10-07-099.jpg 1280w, https:\/\/compoundone.de\/wp-content\/uploads\/2016\/08\/2016-10-07-099-300x200.jpg 300w, https:\/\/compoundone.de\/wp-content\/uploads\/2016\/08\/2016-10-07-099-768x511.jpg 768w, https:\/\/compoundone.de\/wp-content\/uploads\/2016\/08\/2016-10-07-099-1024x682.jpg 1024w, https:\/\/compoundone.de\/wp-content\/uploads\/2016\/08\/2016-10-07-099-500x333.jpg 500w, https:\/\/compoundone.de\/wp-content\/uploads\/2016\/08\/2016-10-07-099-360x240.jpg 360w, https:\/\/compoundone.de\/wp-content\/uploads\/2016\/08\/2016-10-07-099-272x182.jpg 272w\" sizes=\"(max-width: 1280px) 100vw, 1280px\" \/><\/a> <\/p>\n<p><a href=\"http:\/\/www.compoundone.de\/wp-content\/uploads\/2016\/08\/2016-10-07-113.jpg\"><br \/>\n<img class=\"alignnone size-full wp-image-536\" src=\"http:\/\/www.compoundone.de\/wp-content\/uploads\/2016\/08\/2016-10-07-113.jpg\" width=\"1280\" height=\"852\" srcset=\"https:\/\/compoundone.de\/wp-content\/uploads\/2016\/08\/2016-10-07-113.jpg 1280w, https:\/\/compoundone.de\/wp-content\/uploads\/2016\/08\/2016-10-07-113-300x200.jpg 300w, https:\/\/compoundone.de\/wp-content\/uploads\/2016\/08\/2016-10-07-113-768x511.jpg 768w, https:\/\/compoundone.de\/wp-content\/uploads\/2016\/08\/2016-10-07-113-1024x682.jpg 1024w, https:\/\/compoundone.de\/wp-content\/uploads\/2016\/08\/2016-10-07-113-500x333.jpg 500w, https:\/\/compoundone.de\/wp-content\/uploads\/2016\/08\/2016-10-07-113-360x240.jpg 360w, https:\/\/compoundone.de\/wp-content\/uploads\/2016\/08\/2016-10-07-113-272x182.jpg 272w\" sizes=\"(max-width: 1280px) 100vw, 1280px\" \/><\/a><\/p>\n<\/div>\n<\/div><\/div><\/div><div id=\"pgc-337-5-1\"  class=\"panel-grid-cell\" ><div id=\"panel-337-5-1-0\" class=\"so-panel widget widget_sow-editor panel-first-child panel-last-child\" data-index=\"11\" ><div class=\"panel-widget-style panel-widget-style-for-337-5-1-0\" ><div\n\t\t\t\n\t\t\tclass=\"so-widget-sow-editor so-widget-sow-editor-base\"\n\t\t\t\n\t\t><h3 class=\"widget-title\">2K-Teil f\u00fcr Volvo<\/h3>\n<div class=\"siteorigin-widget-tinymce textwidget\">\n\t<p>EPDM\/ PP | PP GF30\u00a0<\/p>\n<\/div>\n<\/div><\/div><\/div><\/div><\/div><div id=\"pg-337-6\"  class=\"panel-grid panel-no-style\" ><div id=\"pgc-337-6-0\"  class=\"panel-grid-cell\" ><div id=\"panel-337-6-0-0\" class=\"so-panel widget widget_sow-editor panel-first-child panel-last-child\" data-index=\"12\" ><div\n\t\t\t\n\t\t\tclass=\"so-widget-sow-editor so-widget-sow-editor-base\"\n\t\t\t\n\t\t>\n<div class=\"siteorigin-widget-tinymce textwidget\">\n\t<p><a href=\"http:\/\/www.compoundone.de\/wp-content\/uploads\/2016\/08\/2016-10-07-167.jpg\"><img class=\"alignnone wp-image-538 size-full\" src=\"http:\/\/www.compoundone.de\/wp-content\/uploads\/2016\/08\/2016-10-07-167.jpg\" width=\"1280\" height=\"852\" srcset=\"https:\/\/compoundone.de\/wp-content\/uploads\/2016\/08\/2016-10-07-167.jpg 1280w, https:\/\/compoundone.de\/wp-content\/uploads\/2016\/08\/2016-10-07-167-300x200.jpg 300w, https:\/\/compoundone.de\/wp-content\/uploads\/2016\/08\/2016-10-07-167-768x511.jpg 768w, https:\/\/compoundone.de\/wp-content\/uploads\/2016\/08\/2016-10-07-167-1024x682.jpg 1024w, https:\/\/compoundone.de\/wp-content\/uploads\/2016\/08\/2016-10-07-167-500x333.jpg 500w, https:\/\/compoundone.de\/wp-content\/uploads\/2016\/08\/2016-10-07-167-360x240.jpg 360w, https:\/\/compoundone.de\/wp-content\/uploads\/2016\/08\/2016-10-07-167-272x182.jpg 272w\" sizes=\"(max-width: 1280px) 100vw, 1280px\" \/><\/a><\/p>\n<\/div>\n<\/div><\/div><\/div><div id=\"pgc-337-6-1\"  class=\"panel-grid-cell\" ><div id=\"panel-337-6-1-0\" class=\"so-panel widget widget_sow-editor panel-first-child panel-last-child\" data-index=\"13\" ><div class=\"panel-widget-style panel-widget-style-for-337-6-1-0\" ><div\n\t\t\t\n\t\t\tclass=\"so-widget-sow-editor so-widget-sow-editor-base\"\n\t\t\t\n\t\t><h3 class=\"widget-title\">BMW Teil<\/h3>\n<div class=\"siteorigin-widget-tinymce textwidget\">\n\t<p>Automobil | BMW Cabrio<\/p>\n<p>SEBS<\/p>\n<p>sehr hohe UV-Best\u00e4ndigkeit<\/p>\n<\/div>\n<\/div><\/div><\/div><\/div><\/div><\/div>","protected":false},"excerpt":{"rendered":"<p>PA6 GF 45 LGF schwarzVerst\u00e4rkung mit Langglasfaser BMW 1er Cabriolet<\/p>\n","protected":false},"author":3,"featured_media":0,"parent":13,"menu_order":0,"comment_status":"closed","ping_status":"closed","template":"","meta":{"footnotes":""},"class_list":["post-337","page","type-page","status-publish"],"_links":{"self":[{"href":"https:\/\/compoundone.de\/en\/wp-json\/wp\/v2\/pages\/337","targetHints":{"allow":["GET"]}}],"collection":[{"href":"https:\/\/compoundone.de\/en\/wp-json\/wp\/v2\/pages"}],"about":[{"href":"https:\/\/compoundone.de\/en\/wp-json\/wp\/v2\/types\/page"}],"author":[{"embeddable":true,"href":"https:\/\/compoundone.de\/en\/wp-json\/wp\/v2\/users\/3"}],"replies":[{"embeddable":true,"href":"https:\/\/compoundone.de\/en\/wp-json\/wp\/v2\/comments?post=337"}],"version-history":[{"count":35,"href":"https:\/\/compoundone.de\/en\/wp-json\/wp\/v2\/pages\/337\/revisions"}],"predecessor-version":[{"id":1424,"href":"https:\/\/compoundone.de\/en\/wp-json\/wp\/v2\/pages\/337\/revisions\/1424"}],"up":[{"embeddable":true,"href":"https:\/\/compoundone.de\/en\/wp-json\/wp\/v2\/pages\/13"}],"wp:attachment":[{"href":"https:\/\/compoundone.de\/en\/wp-json\/wp\/v2\/media?parent=337"}],"curies":[{"name":"wp","href":"https:\/\/api.w.org\/{rel}","templated":true}]}}