{"id":19,"date":"2013-03-19T17:29:36","date_gmt":"2013-03-19T17:29:36","guid":{"rendered":"http:\/\/www.dev.compoundone.de\/?page_id=19"},"modified":"2024-04-18T17:39:14","modified_gmt":"2024-04-18T17:39:14","slug":"impressum","status":"publish","type":"page","link":"https:\/\/compoundone.de\/en\/kontakt-impressum\/impressum\/","title":{"rendered":"Imprint"},"content":{"rendered":"<p><\/p>\n<p>Compound One GmbH<br \/>\n<span lang=\"EN-US\">Marienplatz 8a<\/span><br \/>\nD-83043 Bad Aibling<\/p>\n<p>contact:<br \/>\nfon: 08061\/342894<br \/>\nfax: 08061\/342892<br \/>\n<a href=\"http:\/\/www.compoundone.de\" target=\"_parent\" rel=\"noopener\">www.compoundone.de<\/a><br \/>\n<a href=\"\/\/info@compoundone.de\" target=\"_self\" rel=\"noopener\">info@compoundone.de<\/a><\/p>\n<p align=\"justify\">Verantwortlich nach<br \/>\n\u00a7 6 Abs.2 MDStV<\/p>\n<p>Christoph Haindl<br \/>\n(Dipl.-Ing. Polymertechnik)<\/p>\n<p>Registergericht: AG Traunstein<br \/>\nHRB-Nummer: 19388<br \/>\nUmsatzsteueridentifikationsnummer: DE267486433<br \/>\nGesch\u00e4ftsf\u00fchrer: Christoph Haindl<\/p>\n<p>&nbsp;<\/p>\n<p><a href=\"https:\/\/compoundone.de\/wp-content\/uploads\/2013\/03\/iso-en-2015.jpg\">\u00a0<\/a><img class=\"alignnone wp-image-2048 size-medium\" src=\"https:\/\/compoundone.de\/wp-content\/uploads\/2023\/04\/ISO_9001_colour_en-300x150.jpg\" alt=\"\" width=\"300\" height=\"150\" srcset=\"https:\/\/compoundone.de\/wp-content\/uploads\/2023\/04\/ISO_9001_colour_en-300x150.jpg 300w, https:\/\/compoundone.de\/wp-content\/uploads\/2023\/04\/ISO_9001_colour_en.jpg 600w\" sizes=\"(max-width: 300px) 100vw, 300px\" \/><\/p>\n<p>&nbsp;<\/p>\n<p>\u00a9 2016 Compoundone Solution in Plastics.<br \/>\nAlle Rechte sind vorbehalten Der Inhalt dieser Website ist urheberrechtlich gesch\u00fctzt, soweit nicht ausdr\u00fccklich etwas anderes angegeben wird. Bei Zitaten wird um Quellenangabe gebeten. Aus Gr\u00fcnden des Urheberrechts ist die Speicherung und Vervielf\u00e4ltigung von Bildmaterial oder Grafiken aus dieser Website nicht gestattet. Alle Inhalte vermitteln lediglich einen unverbindlichen \u00dcberblick. F\u00fcr die Richtigkeit, Vollst\u00e4ndigkeit oder Aktualit\u00e4t der Daten wird keine Gew\u00e4hr \u00fcbernommen.<br \/>\nDies betrifft auch die Hyperlinks. \u00c4nderungen oder Erg\u00e4nzungen erfolgen ohne vorherige Ank\u00fcndigung.<\/p>\n<p><strong>Konzeption &amp; Gestaltung der Webseite<\/strong><br \/>\n<a href=\"http:\/\/www.egurdson.com\" target=\"_self\" rel=\"noopener\"> <span style=\"color: #669900;\">www.egurdson.com<\/span><\/a><\/p>\n<p><\/p>","protected":false},"excerpt":{"rendered":"<p>Compound One GmbH Marienplatz 8a D-83043 Bad Aibling contact: fon: 08061\/342894 fax: 08061\/342892 www.compoundone.de info@compoundone.de Verantwortlich nach \u00a7 6 Abs.2&#8230;<\/p>\n","protected":false},"author":3,"featured_media":433,"parent":632,"menu_order":0,"comment_status":"closed","ping_status":"closed","template":"","meta":{"footnotes":""},"class_list":["post-19","page","type-page","status-publish","has-post-thumbnail"],"_links":{"self":[{"href":"https:\/\/compoundone.de\/en\/wp-json\/wp\/v2\/pages\/19","targetHints":{"allow":["GET"]}}],"collection":[{"href":"https:\/\/compoundone.de\/en\/wp-json\/wp\/v2\/pages"}],"about":[{"href":"https:\/\/compoundone.de\/en\/wp-json\/wp\/v2\/types\/page"}],"author":[{"embeddable":true,"href":"https:\/\/compoundone.de\/en\/wp-json\/wp\/v2\/users\/3"}],"replies":[{"embeddable":true,"href":"https:\/\/compoundone.de\/en\/wp-json\/wp\/v2\/comments?post=19"}],"version-history":[{"count":28,"href":"https:\/\/compoundone.de\/en\/wp-json\/wp\/v2\/pages\/19\/revisions"}],"predecessor-version":[{"id":2567,"href":"https:\/\/compoundone.de\/en\/wp-json\/wp\/v2\/pages\/19\/revisions\/2567"}],"up":[{"embeddable":true,"href":"https:\/\/compoundone.de\/en\/wp-json\/wp\/v2\/pages\/632"}],"wp:featuredmedia":[{"embeddable":true,"href":"https:\/\/compoundone.de\/en\/wp-json\/wp\/v2\/media\/433"}],"wp:attachment":[{"href":"https:\/\/compoundone.de\/en\/wp-json\/wp\/v2\/media?parent=19"}],"curies":[{"name":"wp","href":"https:\/\/api.w.org\/{rel}","templated":true}]}}